{"id":184,"date":"2021-04-29T06:41:08","date_gmt":"2021-04-29T06:41:08","guid":{"rendered":"https:\/\/demo.cmssuperheroes.com\/themeforest\/clanora\/?page_id=184"},"modified":"2021-04-29T06:41:08","modified_gmt":"2021-04-29T06:41:08","slug":"request-estimate","status":"publish","type":"page","link":"https:\/\/clorobomb.com\/hu\/request-estimate\/","title":{"rendered":"Request Estimate"},"content":{"rendered":"<div data-elementor-type=\"wp-page\" data-elementor-id=\"184\" class=\"elementor elementor-184\">\n\t\t\t\t        <section class=\"elementor-section elementor-top-section elementor-element elementor-element-9452761 elementor-reverse-tablet elementor-reverse-mobile elementor-section-boxed elementor-section-height-default elementor-section-height-default cms-boxed-bg-false cms-section-boxed-divider-false\" data-id=\"9452761\" data-element_type=\"section\" data-e-type=\"section\">\n\t\t\n\t\t<div class=\"cms-overlay-gradient\"><\/div><div class=\"cms-section-boxed-bg\"><\/div><div class=\"cms-section-boxed-divider\"><\/div>        <div class=\"elementor-container elementor-column-gap-default\" >\n\t\t            <div class=\"elementor-row\">\n\t\t        <div class=\"elementor-column elementor-col-33 elementor-top-column elementor-element elementor-element-6384755\" data-id=\"6384755\" data-element_type=\"column\" data-e-type=\"column\">\n        <div class=\"elementor-column-wrap elementor-element-populated\">\n                            <div class=\"elementor-widget-wrap\">\n                \t\t<div class=\"elementor-element elementor-element-17ba530 cms-fancybox-layout-8 cms-fancybox-mode-single elementor-widget elementor-widget-cms_fancy_box\" data-id=\"17ba530\" data-element_type=\"widget\" data-e-type=\"widget\" data-widget_type=\"cms_fancy_box.default\">\n\t\t\t\t<div class=\"elementor-widget-container\">\n\t\t\t\t\t<div class=\"cms-fancybox cms-gradient p-tb-50 p-lr-25 p-lr-md-50 bg-accent cms-radius-12\">\n    <div class=\"text-start text-md-start text-lg-start\">\n        <div class=\"cms-fancy-icon-wrap cms-transition\"><\/div>\n        <div class=\"cms-fancybox-content\">\n            <div class=\"cms-heading heading2 text-25 mb-20 mt-n8 empty-none text-white\">Homeowners Like Us!<\/div>\n            <div class=\"cms-heading text-24 mb-30 mt-n8 empty-none text-white\">Healthy Environment <br \/>For Your Family<\/div>\n            <div class=\"description text-16 font-700 empty-none text-white\">The processes and systems we put in place provide high quality service with a focus on safety.<\/div>\n            <div class=\"mt-55 empty-none\">        <div class=\"cms-btn-wraps  text- text-md- text-lg-justify\" >\r\n                <a href=\"https:\/\/clorobomb.com\/hu\/pricing-offers\/\" class=\"btn btn-fill btn-secondary btn-hover-white btn-xl d-block  text-justify\">\r\n                <span class=\"cms-btn-content cms-btn-content-\">\r\n                                            <span class=\"cms-btn-icon cms-align-icon-right text-10 rtl-flip\">\r\n                            <i aria-hidden=\"true\" class=\"cmsi-arrow-right\"><\/i>                        <\/span>\r\n                                        <span class=\"cms-btn-text\">Explore Our Offers<\/span>\r\n                                    <\/span>\r\n            <\/a>\r\n                <\/div>\r\n    <\/div>\n            <div class=\"cms-phone heading text-24 font-400 mt-20 empty-none text-white link-white\">\n                <a href=\"tel:00201061245741\">\n                    <span class=\"phone-icon cmsi-phone-alt pr-10 text-18\"><\/span>002 01061245741<\/a>\n            <\/div>\n        <\/div>\n    <\/div>\n<\/div>\t\t\t\t<\/div>\n\t\t\t\t<\/div>\n\t\t\t\t<div class=\"elementor-element elementor-element-fd8dd25 cms-download-layout-1 elementor-widget elementor-widget-cms_download\" data-id=\"fd8dd25\" data-element_type=\"widget\" data-e-type=\"widget\" data-widget_type=\"cms_download.default\">\n\t\t\t\t<div class=\"elementor-widget-container\">\n\t\t\t\t\t<div class=\"cms-downloads p-tb-50 p-lr-25 p-lr-md-50 bg-f4f4f4 cms-radius-12 relative\">\n\t<div class=\"cms-heading text-20 mt-n5 mb-5 empty-none text-primary\">Download Brochure<\/div>\n\t    <div class=\"cms-download cms-download-item bg-primary link-white mt-20 font-700 cms-radius-8\">\n\t\t<a class=\"p-lr-30\" href=\"https:\/\/demo.cmssuperheroes.com\/themeforest\/clanora\/wp-content\/themes\/clanora\/assets\/docs\/CMS-Brochure.pdf\" target=\"_blank\">\n\t\t\t        <span aria-hidden=\"true\" class=\"cms-icon text-18 cms-download-icon cmsi-download\" style=\"\"><\/span>        <span class=\"cms-download-text\">Company Report 2022<\/span>    \t<\/a>\n    <\/div>  \n\t    <div class=\"cms-download cms-download-item bg-accent link-white mt-20 font-700 cms-radius-8\">\n\t\t<a class=\"p-lr-30\" href=\"https:\/\/demo.cmssuperheroes.com\/themeforest\/clanora\/wp-content\/themes\/clanora\/assets\/docs\/CMS-Brochure.pdf\" target=\"_blank\">\n\t\t\t        <span aria-hidden=\"true\" class=\"cms-icon text-18 cms-download-icon cmsi-download\" style=\"\"><\/span>        <span class=\"cms-download-text\">Company Brochure<\/span>    \t<\/a>\n    <\/div>  \n\t<\/div>\n\t\t\t\t<\/div>\n\t\t\t\t<\/div>\n\t\t            <\/div>\n                <\/div>\n        <\/div>\n                <div class=\"elementor-column elementor-col-66 elementor-top-column elementor-element elementor-element-947354c\" data-id=\"947354c\" data-element_type=\"column\" data-e-type=\"column\">\n        <div class=\"elementor-column-wrap elementor-element-populated\">\n                            <div class=\"elementor-widget-wrap\">\n                \t\t<div class=\"elementor-element elementor-element-598e393 cms-cf7-layout-2 cms-shadow-4 cms-radius-12 elementor-widget elementor-widget-cms_ctf7\" data-id=\"598e393\" data-element_type=\"widget\" data-e-type=\"widget\" data-widget_type=\"cms_ctf7.default\">\n\t\t\t\t<div class=\"elementor-widget-container\">\n\t\t\t\t\t    <div id=\"cms_ctf7-598e393\" class=\"cms-cf7 bg-white cms-radius-12 p-20 p-lg-35 p-xl-50 relative\">\r\n        <div class=\"cms-cf7-inner\">\r\n            <div class=\"cms-form-heading cms-heading text-24 font-700 mt-n8\">Complete Your Request<\/div>\r\n            <div class=\"cms-form-desc text-15 lh-25 pt-10\">For a cleaning that meets your highest standards, you need a dedicated team of trained specialists with all supplies needed to thoroughly clean your home.<\/div>\r\n            <div class=\"pt-25\">\n<div class=\"wpcf7 no-js\" id=\"wpcf7-f3788-o1\" lang=\"en-US\" dir=\"ltr\" data-wpcf7-id=\"3788\">\n<div class=\"screen-reader-response\"><p role=\"status\" aria-live=\"polite\" aria-atomic=\"true\"><\/p> <ul><\/ul><\/div>\n<form action=\"\/hu\/wp-json\/wp\/v2\/pages\/184#wpcf7-f3788-o1\" method=\"post\" class=\"wpcf7-form init\" aria-label=\"Contact form\" novalidate=\"novalidate\" data-status=\"init\" data-trp-original-action=\"\/hu\/wp-json\/wp\/v2\/pages\/184#wpcf7-f3788-o1\">\n<fieldset class=\"hidden-fields-container\"><input type=\"hidden\" name=\"_wpcf7\" value=\"3788\" \/><input type=\"hidden\" name=\"_wpcf7_version\" value=\"6.1.5\" \/><input type=\"hidden\" name=\"_wpcf7_locale\" value=\"en_US\" \/><input type=\"hidden\" name=\"_wpcf7_unit_tag\" value=\"wpcf7-f3788-o1\" \/><input type=\"hidden\" name=\"_wpcf7_container_post\" value=\"0\" \/><input type=\"hidden\" name=\"_wpcf7_posted_data_hash\" value=\"\" \/>\n<\/fieldset>\n<div class=\"row\">\n\t<div class=\"col-md-6\">\n\t\t<p><label>Choose your service<\/label><br \/>\n<span class=\"wpcf7-form-control-wrap\" data-name=\"Chooseyourservice\"><select class=\"wpcf7-form-control wpcf7-select wpcf7-validates-as-required\" aria-required=\"true\" aria-invalid=\"false\" name=\"Chooseyourservice\"><option value=\"Commercial Disinfection\">Commercial Disinfection<\/option><option value=\"Coronavirus Cleaning\">Coronavirus Cleaning<\/option><option value=\"Commercial Janitorial\">Commercial Janitorial<\/option><option value=\"Comprehensive Cleaning\">Comprehensive Cleaning<\/option><option value=\"Project Based Cleaning\">Project Based Cleaning<\/option><option value=\"Construction Cleaning\">Construction Cleaning<\/option><\/select><\/span>\n\t\t<\/p>\n\t<\/div>\n\t<div class=\"col-md-6\">\n\t\t<p><label>Indicate type of cleaning<\/label><br \/>\n<span class=\"wpcf7-form-control-wrap\" data-name=\"Indicatetypeofcleaning\"><select class=\"wpcf7-form-control wpcf7-select wpcf7-validates-as-required\" aria-required=\"true\" aria-invalid=\"false\" name=\"Indicatetypeofcleaning\"><option value=\"Weekly Regular\">Weekly Regular<\/option><option value=\"Be-weekly regular cleaning\">Be-weekly regular cleaning<\/option><option value=\"Monthly regular cleaning\">Monthly regular cleaning<\/option><option value=\"Same day emergency cleaning\">Same day emergency cleaning<\/option><option value=\"Post construction cleaning5\">Post construction cleaning5<\/option><\/select><\/span>\n\t\t<\/p>\n\t<\/div>\n\t<div class=\"col-lg-6 col-xl-4\">\n\t\t<p><label>Facility type<\/label><br \/>\n<span class=\"wpcf7-form-control-wrap\" data-name=\"Facilitytype\"><select class=\"wpcf7-form-control wpcf7-select wpcf7-validates-as-required\" aria-required=\"true\" aria-invalid=\"false\" name=\"Facilitytype\"><option value=\"Manufacturing Facilities\">Gy\u00e1rt\u00f3\u00fczemek<\/option><option value=\"Educational Facilities\">Educational Facilities<\/option><option value=\"Medical Facilities\">Medical Facilities<\/option><option value=\"Government Buildings\">Government Buildings<\/option><option value=\"Financial Institutions\">Financial Institutions<\/option><option value=\"Religious Building\">Religious Building<\/option><\/select><\/span>\n\t\t<\/p>\n\t<\/div>\n\t<div class=\"col-lg-6 col-xl-4\">\n\t\t<p><label>Facility name<\/label><br \/>\n<span class=\"wpcf7-form-control-wrap\" data-name=\"your-name\"><input size=\"40\" maxlength=\"400\" class=\"wpcf7-form-control wpcf7-text wpcf7-validates-as-required\" aria-required=\"true\" aria-invalid=\"false\" placeholder=\"Facility name\" value=\"\" type=\"text\" name=\"your-name\" \/><\/span>\n\t\t<\/p>\n\t<\/div>\n\t<div class=\"col-lg-12 col-xl-4\">\n\t\t<p><label>Facility email<\/label><br \/>\n<span class=\"wpcf7-form-control-wrap\" data-name=\"your-email\"><input size=\"40\" maxlength=\"400\" class=\"wpcf7-form-control wpcf7-email wpcf7-validates-as-required wpcf7-text wpcf7-validates-as-email\" aria-required=\"true\" aria-invalid=\"false\" placeholder=\"Your email\" value=\"\" type=\"email\" name=\"your-email\" \/><\/span>\n\t\t<\/p>\n\t<\/div>\n\t<div class=\"col-sm-4\">\n\t\t<p><label>Room(s)?<\/label><br \/>\n<span class=\"wpcf7-form-control-wrap\" data-name=\"Room\"><input class=\"wpcf7-form-control wpcf7-number wpcf7-validates-as-required wpcf7-validates-as-number\" min=\"1\" max=\"100\" aria-required=\"true\" aria-invalid=\"false\" placeholder=\"5\" value=\"\" type=\"number\" name=\"Room\" \/><\/span>\n\t\t<\/p>\n\t<\/div>\n\t<div class=\"col-sm-4\">\n\t\t<p><label>Hallway(s)?<\/label><br \/>\n<span class=\"wpcf7-form-control-wrap\" data-name=\"Hallway\"><input class=\"wpcf7-form-control wpcf7-number wpcf7-validates-as-required wpcf7-validates-as-number\" min=\"1\" max=\"100\" aria-required=\"true\" aria-invalid=\"false\" placeholder=\"7\" value=\"\" type=\"number\" name=\"Hallway\" \/><\/span>\n\t\t<\/p>\n\t<\/div>\n\t<div class=\"col-sm-4\">\n\t\t<p><label>Staircase(s)?<\/label><br \/>\n<span class=\"wpcf7-form-control-wrap\" data-name=\"Staircase\"><input class=\"wpcf7-form-control wpcf7-number wpcf7-validates-as-required wpcf7-validates-as-number\" min=\"1\" max=\"100\" aria-required=\"true\" aria-invalid=\"false\" placeholder=\"3\" value=\"\" type=\"number\" name=\"Staircase\" \/><\/span>\n\t\t<\/p>\n\t<\/div>\n\t<div class=\"col-sm-4\">\n\t\t<p><label>Bedroom(s)?<\/label><br \/>\n<span class=\"wpcf7-form-control-wrap\" data-name=\"Bedroom\"><input class=\"wpcf7-form-control wpcf7-number wpcf7-validates-as-required wpcf7-validates-as-number\" min=\"1\" max=\"100\" aria-required=\"true\" aria-invalid=\"false\" placeholder=\"2\" value=\"\" type=\"number\" name=\"Bedroom\" \/><\/span>\n\t\t<\/p>\n\t<\/div>\n\t<div class=\"col-sm-4\">\n\t\t<p><label>Bathroom(s)?<\/label><br \/>\n<span class=\"wpcf7-form-control-wrap\" data-name=\"Bathroom\"><input class=\"wpcf7-form-control wpcf7-number wpcf7-validates-as-required wpcf7-validates-as-number\" min=\"1\" max=\"100\" aria-required=\"true\" aria-invalid=\"false\" placeholder=\"1\" value=\"\" type=\"number\" name=\"Bathroom\" \/><\/span>\n\t\t<\/p>\n\t<\/div>\n\t<div class=\"col-sm-4\">\n\t\t<p><label>Window(s)?<\/label><br \/>\n<span class=\"wpcf7-form-control-wrap\" data-name=\"Window\"><input class=\"wpcf7-form-control wpcf7-number wpcf7-validates-as-required wpcf7-validates-as-number\" min=\"1\" max=\"100\" aria-required=\"true\" aria-invalid=\"false\" placeholder=\"9\" value=\"\" type=\"number\" name=\"Window\" \/><\/span>\n\t\t<\/p>\n\t<\/div>\n\t<div class=\"col-12 mt-20\">\n\t\t<p><label>Do you have all the necessary cleaning supplies?<\/label><br \/>\n<span class=\"wpcf7-form-control-wrap\" data-name=\"Doyouhaveallthenecessarycleaningsupplies\"><span class=\"wpcf7-form-control wpcf7-radio\"><span class=\"wpcf7-list-item first\"><label><input type=\"radio\" name=\"Doyouhaveallthenecessarycleaningsupplies\" value=\"Yes\" checked=\"checked\" \/><span class=\"wpcf7-list-item-label\">Yes<\/span><\/label><\/span><span class=\"wpcf7-list-item last\"><label><input type=\"radio\" name=\"Doyouhaveallthenecessarycleaningsupplies\" value=\"No\" \/><span class=\"wpcf7-list-item-label\">No<\/span><\/label><\/span><\/span><\/span>\n\t\t<\/p>\n\t<\/div>\n\t<div class=\"col-12\">\n\t\t<p><label>Hourly Rate<\/label><br \/>\n<span class=\"wpcf7-form-control-wrap hourlyrate\"><span class=\"wpcf7-form-control wpcf7-radio_custom\"><span class=\"wpcf7-list-item first\"><label><input type=\"radio\" name=\"hourlyrate\" value=\"50\" tabindex=\"\" \/><span class=\"wpcf7-list-item-label\">1 Hour ($50)<\/span><\/label><\/span><span class=\"wpcf7-list-item\"><label><input type=\"radio\" name=\"hourlyrate\" value=\"90\" checked=\"checked\" tabindex=\"\" \/><span class=\"wpcf7-list-item-label\">2 Hours ($90)<\/span><\/label><\/span><span class=\"wpcf7-list-item\"><label><input type=\"radio\" name=\"hourlyrate\" value=\"135\" tabindex=\"\" \/><span class=\"wpcf7-list-item-label\">3 Hours ($135)<\/span><\/label><\/span><span class=\"wpcf7-list-item last\"><label><input type=\"radio\" name=\"hourlyrate\" value=\"170\" tabindex=\"\" \/><span class=\"wpcf7-list-item-label\">4 Hours ($170)<\/span><\/label><\/span><\/span><\/span>\n\t\t<\/p>\n\t<\/div>\n\t<div class=\"col-12\">\n\t\t<p><label>Select Extras<\/label><br \/>\n<span class=\"wpcf7-form-control-wrap extras\"><span class=\"wpcf7-form-control wpcf7-radio_custom\"><span class=\"wpcf7-list-item first\"><label><input type=\"radio\" name=\"extras\" value=\"20\" tabindex=\"\" \/><span class=\"wpcf7-list-item-label\">Inside Windows (+$20)<\/span><\/label><\/span><span class=\"wpcf7-list-item\"><label><input type=\"radio\" name=\"extras\" value=\"65\" checked=\"checked\" tabindex=\"\" \/><span class=\"wpcf7-list-item-label\">Inside Cabinets (+$65)<\/span><\/label><\/span><span class=\"wpcf7-list-item\"><label><input type=\"radio\" name=\"extras\" value=\"70\" tabindex=\"\" \/><span class=\"wpcf7-list-item-label\">Deep Cleaning (+$70)<\/span><\/label><\/span><span class=\"wpcf7-list-item\"><label><input type=\"radio\" name=\"extras\" value=\"170\" tabindex=\"\" \/><span class=\"wpcf7-list-item-label\">Disinfection Services (+$170)<\/span><\/label><\/span><span class=\"wpcf7-list-item last\"><label><input type=\"radio\" name=\"extras\" value=\"185\" tabindex=\"\" \/><span class=\"wpcf7-list-item-label\">Coronavirus Cleaning (+$185)<\/span><\/label><\/span><\/span><\/span>\n\t\t<\/p>\n\t<\/div>\n\t<div class=\"col-12 col-lg-6\">\n\t\t<p><label>Total<\/label><br \/>\n<span class=\"wpcf7-form-control-wrap calculated-402\"><input data-number=\"0\" size=\"40\" class=\"wpcf7-form-control wpcf7-calculated wpcf7-total bg-accent ctf7-total\" readonly=\"readonly\" aria-invalid=\"false\" value=\"0\" type=\"text\" name=\"calculated-402\" data-formulas=\"hourlyrate + extras\" \/><\/span>\n\t\t<\/p>\n\t<\/div>\n\t<div class=\"col-12 cms-cf7-separator\">\n\t\t<p>Kindly provide your personal informations below:\n\t\t<\/p>\n\t<\/div>\n\t<div class=\"col-lg-6\">\n\t\t<p><label>Name * <\/label><br \/>\n<span class=\"wpcf7-form-control-wrap\" data-name=\"your-name\"><input size=\"40\" maxlength=\"400\" class=\"wpcf7-form-control wpcf7-text wpcf7-validates-as-required\" aria-required=\"true\" aria-invalid=\"false\" placeholder=\"Mahmoud Adel\" value=\"\" type=\"text\" name=\"your-name\" \/><\/span>\n\t\t<\/p>\n\t<\/div>\n\t<div class=\"col-lg-6\">\n\t\t<p><label>Phone * <\/label><br \/>\n<span class=\"wpcf7-form-control-wrap\" data-name=\"your-phone\"><input size=\"40\" maxlength=\"400\" class=\"wpcf7-form-control wpcf7-tel wpcf7-validates-as-required wpcf7-text wpcf7-validates-as-tel\" aria-required=\"true\" aria-invalid=\"false\" placeholder=\"01061245741\" value=\"\" type=\"tel\" name=\"your-phone\" \/><\/span>\n\t\t<\/p>\n\t<\/div>\n\t<div class=\"col-lg-6\">\n\t\t<p><label>Email * <\/label><br \/>\n<span class=\"wpcf7-form-control-wrap\" data-name=\"your-email\"><input size=\"40\" maxlength=\"400\" class=\"wpcf7-form-control wpcf7-email wpcf7-validates-as-required wpcf7-text wpcf7-validates-as-email\" aria-required=\"true\" aria-invalid=\"false\" placeholder=\"info@cmssuperheroes.com\" value=\"\" type=\"email\" name=\"your-email\" \/><\/span>\n\t\t<\/p>\n\t<\/div>\n\t<div class=\"col-lg-6\">\n\t\t<p><label>How many pets live in the home? <\/label><br \/>\n<span class=\"wpcf7-form-control-wrap\" data-name=\"your-pet\"><input class=\"wpcf7-form-control wpcf7-number wpcf7-validates-as-required wpcf7-validates-as-number\" aria-required=\"true\" aria-invalid=\"false\" placeholder=\"2\" value=\"\" type=\"number\" name=\"your-pet\" \/><\/span>\n\t\t<\/p>\n\t<\/div>\n\t<div class=\"col-12\">\n\t\t<p><label>Street Address * <\/label><br \/>\n<span class=\"wpcf7-form-control-wrap\" data-name=\"address\"><input size=\"40\" maxlength=\"400\" class=\"wpcf7-form-control wpcf7-text wpcf7-validates-as-required\" aria-required=\"true\" aria-invalid=\"false\" placeholder=\"Tanta, Saed Street\" value=\"\" type=\"text\" name=\"address\" \/><\/span>\n\t\t<\/p>\n\t<\/div>\n\t<div class=\"col-lg-6\">\n\t\t<p><label>City * <\/label><br \/>\n<span class=\"wpcf7-form-control-wrap\" data-name=\"city\"><input size=\"40\" maxlength=\"400\" class=\"wpcf7-form-control wpcf7-text wpcf7-validates-as-required\" aria-required=\"true\" aria-invalid=\"false\" placeholder=\"Tanta\" value=\"\" type=\"text\" name=\"city\" \/><\/span>\n\t\t<\/p>\n\t<\/div>\n\t<div class=\"col-lg-6\">\n\t\t<p><label>Zip * <\/label><br \/>\n<span class=\"wpcf7-form-control-wrap\" data-name=\"zip\"><input size=\"40\" maxlength=\"400\" class=\"wpcf7-form-control wpcf7-text wpcf7-validates-as-required\" aria-required=\"true\" aria-invalid=\"false\" placeholder=\"32458\" value=\"\" type=\"text\" name=\"zip\" \/><\/span>\n\t\t<\/p>\n\t<\/div>\n\t<div class=\"col-12\">\n\t\t<p><label>Additional Details <\/label><br \/>\n<span class=\"wpcf7-form-control-wrap\" data-name=\"AdditionalDetails\"><textarea cols=\"40\" rows=\"10\" maxlength=\"2000\" class=\"wpcf7-form-control wpcf7-textarea\" aria-invalid=\"false\" placeholder=\"Text here\" name=\"AdditionalDetails\"><\/textarea><\/span>\n\t\t<\/p>\n\t<\/div>\n\t<div class=\"col-12 mt-15\">\n\t\t<p><div class=\"cms-submit\"><button class=\"wpcf7-form-control wpcf7-submit btn btn-primary btn-hover-secondary text-justify btn-xl w-100\" type=\"submit\"><span class=\"cms-btn-content\"><span class=\"cms-btn-text\">Submit Request<\/span><span class=\"wpcf7-submit-icon cms-btn-icon cmsi cmsi-arrow-alt-circle-right rtl-flip text-26\"><\/span><\/span><\/button><\/div>\n\t\t<\/p>\n\t<\/div>\n<\/div><p style=\"display: none !important;\" class=\"akismet-fields-container\" data-prefix=\"_wpcf7_ak_\"><label>&#916;<textarea name=\"_wpcf7_ak_hp_textarea\" cols=\"45\" rows=\"8\" maxlength=\"100\"><\/textarea><\/label><input type=\"hidden\" id=\"ak_js_1\" name=\"_wpcf7_ak_js\" value=\"22\"\/><script>document.getElementById( \"ak_js_1\" ).setAttribute( \"value\", ( new Date() ).getTime() );<\/script><\/p><div class=\"wpcf7-response-output\" aria-hidden=\"true\"><\/div><input type=\"hidden\" value=\"no\" id=\"cf7-calculator-enable\" ><input type=\"hidden\" value=\"2\" id=\"cf7-calculator-decimals\" ><input type=\"hidden\" value=\".\" id=\"cf7-calculator-separator\" ><input type=\"hidden\" value=\",\" id=\"cf7-calculator-thousand\" ><input type=\"hidden\" value=\"no\" id=\"cf7-calculator-right\" ><input type=\"hidden\" value=\"\" id=\"cf7-calculator-currency\" ><input type=\"hidden\" value=\"yes\" id=\"cf7-calculator-currency_position\" >\r\n            <style type=\"text\/css\" >\r\n                .cf7-hide {\r\n                    display: none !important;\r\n                }\r\n                .cf7-calculated-name {\r\n                    width: 100%;\r\n                    display: inline-block;\r\n                }\r\n            <\/style>\n<input type=\"hidden\" name=\"trp-form-language\" value=\"hu\"\/><\/form>\n<\/div>\n<\/div>\r\n        <\/div>\r\n                    <div class=\"cms-cf7-rating absolute d-none\">\r\n                <div class=\"cms-cf7-star\" style=\"background-color:#ff830c\"><\/div>\r\n                <div class=\"cms-badge-3\">\r\n                    <div class=\"cms-heading text-white text-22\">97%<\/div>\r\n                    <div class=\"\">Customer Rating<\/div>\r\n                <\/div>\r\n            <\/div>\r\n            <\/div>\r\n\t\t\t\t<\/div>\n\t\t\t\t<\/div>\n\t\t            <\/div>\n                <\/div>\n        <\/div>\n        \t\t            <\/div>\n\t\t        <\/div>\n        <\/section>\n\t\t\t\t<\/div>","protected":false},"excerpt":{"rendered":"<p>Homeowners Like Us! Healthy Environment For Your Family The processes and systems we put in place provide high quality service with a focus on safety. Explore Our Offers 002 01061245741 Download Brochure Company Report 2022 Company Brochure Complete Your Request For a cleaning that meets your highest standards, you need a dedicated team of trained [&hellip;]<\/p>\n","protected":false},"author":1,"featured_media":0,"parent":0,"menu_order":18,"comment_status":"closed","ping_status":"closed","template":"","meta":{"footnotes":""},"class_list":["post-184","page","type-page","status-publish","hentry","cms-no-post-thumbnail"],"_links":{"self":[{"href":"https:\/\/clorobomb.com\/hu\/wp-json\/wp\/v2\/pages\/184","targetHints":{"allow":["GET"]}}],"collection":[{"href":"https:\/\/clorobomb.com\/hu\/wp-json\/wp\/v2\/pages"}],"about":[{"href":"https:\/\/clorobomb.com\/hu\/wp-json\/wp\/v2\/types\/page"}],"author":[{"embeddable":true,"href":"https:\/\/clorobomb.com\/hu\/wp-json\/wp\/v2\/users\/1"}],"replies":[{"embeddable":true,"href":"https:\/\/clorobomb.com\/hu\/wp-json\/wp\/v2\/comments?post=184"}],"version-history":[{"count":0,"href":"https:\/\/clorobomb.com\/hu\/wp-json\/wp\/v2\/pages\/184\/revisions"}],"wp:attachment":[{"href":"https:\/\/clorobomb.com\/hu\/wp-json\/wp\/v2\/media?parent=184"}],"curies":[{"name":"wp","href":"https:\/\/api.w.org\/{rel}","templated":true}]}}