{"id":182,"date":"2021-04-29T06:40:44","date_gmt":"2021-04-29T06:40:44","guid":{"rendered":"https:\/\/demo.cmssuperheroes.com\/themeforest\/clanora\/?page_id=182"},"modified":"2021-04-29T06:40:44","modified_gmt":"2021-04-29T06:40:44","slug":"pricing-offers","status":"publish","type":"page","link":"https:\/\/clorobomb.com\/hu\/pricing-offers\/","title":{"rendered":"Pricing Offers"},"content":{"rendered":"<div data-elementor-type=\"wp-page\" data-elementor-id=\"182\" class=\"elementor elementor-182\">\n\t\t\t\t        <section class=\"elementor-section elementor-top-section elementor-element elementor-element-bd12519 pt-90 pb-0 elementor-section-boxed elementor-section-height-default elementor-section-height-default cms-boxed-bg-false cms-section-boxed-divider-false\" data-id=\"bd12519\" data-element_type=\"section\" data-e-type=\"section\">\n\t\t\n\t\t<div class=\"cms-overlay-gradient\"><\/div><div class=\"cms-section-boxed-bg\"><\/div><div class=\"cms-section-boxed-divider\"><\/div>        <div class=\"elementor-container elementor-column-gap-default\" >\n\t\t            <div class=\"elementor-row\">\n\t\t        <div class=\"elementor-column elementor-col-100 elementor-top-column elementor-element elementor-element-ca57bb2\" data-id=\"ca57bb2\" data-element_type=\"column\" data-e-type=\"column\">\n        <div class=\"elementor-column-wrap elementor-element-populated\">\n                            <div class=\"elementor-widget-wrap\">\n                \t\t<div class=\"elementor-element elementor-element-7c948c1 cms-heading-layout-2 pb-50 elementor-widget__width-initial elementor-widget-tablet__width-inherit elementor-widget elementor-widget-cms_heading\" data-id=\"7c948c1\" data-element_type=\"widget\" data-e-type=\"widget\" data-widget_type=\"cms_heading.default\">\n\t\t\t\t<div class=\"elementor-widget-container\">\n\t\t\t\t\t<div class=\"cms-heading-wrapper text-center text-md-center text-lg-center\">\r\n        <div class=\"cms-mainheading heading2 text-30 mt-n5 text-accent\" style=\"transition-delay:0ms\">Customized Cleaning Plans<\/div>\r\n    <div class=\"cms-heading cms-subheading font-600 text-37 pt-5 text-heading\" style=\"transition-delay:0ms\">Quality Leader Among Cleaning Companies In The Industry!<\/div>\r\n    <div class=\"cms-heading-extra-space extra-space\"><\/div>\r\n<\/div>\t\t\t\t<\/div>\n\t\t\t\t<\/div>\n\t\t\t\t<div class=\"elementor-element elementor-element-1533128 cms-pricing-layout-3 elementor-widget elementor-widget-cms_pricing_table\" data-id=\"1533128\" data-element_type=\"widget\" data-e-type=\"widget\" data-widget_type=\"cms_pricing_table.default\">\n\t\t\t\t<div class=\"elementor-widget-container\">\n\t\t\t\t\t<div class=\"cms-pricing-table-wrap relative\">\r\n    <div class=\"cms-pricing-table-slide cms-shadow-3 cms-radius-12 overflow-hidden\">\r\n                <div class=\"cms-pricing-table-slide-item relative\">\r\n                        <div class=\"row gutters-0\">\r\n                <div class=\"col-lg-6\"><img decoding=\"async\" class=\"w-100 h-100 img-cover rtl-flip cms-img\" src=\"https:\/\/clorobomb.com\/wp-content\/uploads\/2021\/04\/post-9.jpg\" width=\"0\" height=\"0\" alt=\"post-9\" title=\"post-9\" \/><\/div>\r\n                <div class=\"col-lg-6 bg-white  align-self-center\">\r\n                    <div class=\"p-20 p-md-50 p-lg-100\">\r\n                                                <div class=\"cms-heading text-heading text-37 font-500 text-center\">Residential<\/div> \r\n                        <div class=\"cms-desc text-17 mt-20 text-center\">We provide residential house cleaning services and always focus on cleaning for health, our extensive industry experience give us a leg up when it comes to leaving your house cleaner, and healthier, than ever before.<\/div>\r\n                        <div class=\"row gutters-30 gutters-md-50 gutters-grid align-items-center justify-content-center pt-35\">\r\n                                    <div class=\"cms-btn-wraps col-auto text- text-md- text-lg-\" >\r\n                <a href=\"https:\/\/clorobomb.com\/hu\/contacts\/\" class=\"btn btn-fill btn-accent btn-hover-secondary btn-xl\">\r\n                <span class=\"cms-btn-content cms-btn-content-\">\r\n                                            <span class=\"cms-btn-icon cms-align-icon-right  rtl-flip\">\r\n                            <i aria-hidden=\"true\" class=\"cmsi-arrow-right\"><\/i>                        <\/span>\r\n                                        <span class=\"cms-btn-text\">Purchase Now<\/span>\r\n                                    <\/span>\r\n            <\/a>\r\n                <\/div>\r\n                                                        <\/div>\r\n                        <div class=\"cms-feature-wrap mt-40 pt-35 font-700\"><div class=\"cms-feature row gutters-20\">\r\n                            <div class=\"col-md-6 col-lg-12 col-xl-6 pb-10\">        <span aria-hidden=\"true\" class=\"cms-icon text-20 pr-15 text-accent cmsi-check-circle\" style=\"\"><\/span>        <span class=\"f-text\">Window sills & ledges<\/span><\/div>\n<div class=\"col-md-6 col-lg-12 col-xl-6 pb-10\">        <span aria-hidden=\"true\" class=\"cms-icon text-20 pr-15 text-accent cmsi-check-circle\" style=\"\"><\/span>        <span class=\"f-text\">Appliance exteriors<\/span><\/div>\n<div class=\"w-100\"><\/div><div class=\"col-md-6 col-lg-12 col-xl-6 pb-10\">        <span aria-hidden=\"true\" class=\"cms-icon text-20 pr-15 text-accent cmsi-check-circle\" style=\"\"><\/span>        <span class=\"f-text\">Hard surface floors<\/span><\/div>\n<div class=\"col-md-6 col-lg-12 col-xl-6 pb-10\">        <span aria-hidden=\"true\" class=\"cms-icon text-20 pr-15 text-accent cmsi-check-circle\" style=\"\"><\/span>        <span class=\"f-text\">Ranges and ovens<\/span><\/div>\n<div class=\"w-100\"><\/div><div class=\"col-md-6 col-lg-12 col-xl-6 pb-10\">        <span aria-hidden=\"true\" class=\"cms-icon text-20 pr-15 text-accent cmsi-check-circle\" style=\"\"><\/span>        <span class=\"f-text\">Remove cobwebs<\/span><\/div>\n<div class=\"col-md-6 col-lg-12 col-xl-6 pb-10\">        <span aria-hidden=\"true\" class=\"cms-icon text-20 pr-15 text-accent cmsi-check-circle\" style=\"\"><\/span>        <span class=\"f-text\">Cabinet doors<\/span><\/div>\n<div class=\"w-100\"><\/div>                        <\/div><\/div>\r\n                    <\/div>        \r\n                <\/div>\r\n            <\/div>\r\n        <\/div>\r\n                <div class=\"cms-pricing-table-slide-item relative\">\r\n                        <div class=\"row gutters-0\">\r\n                <div class=\"col-lg-6\"><img decoding=\"async\" class=\"w-100 h-100 img-cover rtl-flip cms-img\" src=\"https:\/\/clorobomb.com\/wp-content\/uploads\/slider-h2-2.jpg\" width=\"0\" height=\"0\" alt=\"slider-h2-2\" title=\"slider-h2-2\" \/><\/div>\r\n                <div class=\"col-lg-6 bg-white order-lg-first align-self-center\">\r\n                    <div class=\"p-20 p-md-50 p-lg-100\">\r\n                                                <div class=\"cms-heading text-heading text-37 font-500 text-center\">Commercial<\/div> \r\n                        <div class=\"cms-desc text-17 mt-20 text-center\">Providing commercial cleaning services which will help you protect your customers and employees, we care about clean and it shows in our work, our people, and also in our commitment to delivering on our word, every day.<\/div>\r\n                        <div class=\"row gutters-30 gutters-md-50 gutters-grid align-items-center justify-content-center pt-35\">\r\n                                    <div class=\"cms-btn-wraps col-auto text- text-md- text-lg-\" >\r\n                <a href=\"https:\/\/clorobomb.com\/hu\/contacts\/\" class=\"btn btn-fill btn-accent btn-hover-secondary btn-xl\">\r\n                <span class=\"cms-btn-content cms-btn-content-\">\r\n                                            <span class=\"cms-btn-icon cms-align-icon-right  rtl-flip\">\r\n                            <i aria-hidden=\"true\" class=\"cmsi-arrow-right\"><\/i>                        <\/span>\r\n                                        <span class=\"cms-btn-text\">Purchase Now<\/span>\r\n                                    <\/span>\r\n            <\/a>\r\n                <\/div>\r\n                                                        <\/div>\r\n                        <div class=\"cms-feature-wrap mt-40 pt-35 font-700\"><div class=\"cms-feature row gutters-20\">\r\n                            <div class=\"col-md-6 col-lg-12 col-xl-6 pb-10\">        <span aria-hidden=\"true\" class=\"cms-icon text-20 pr-15 text-1d65b9 cmsi-check-circle\" style=\"\"><\/span>        <span class=\"f-text\">Office Buildings<\/span><\/div>\n<div class=\"col-md-6 col-lg-12 col-xl-6 pb-10\">        <span aria-hidden=\"true\" class=\"cms-icon text-20 pr-15 text-1d65b9 cmsi-check-circle\" style=\"\"><\/span>        <span class=\"f-text\">Government buildings<\/span><\/div>\n<div class=\"w-100\"><\/div><div class=\"col-md-6 col-lg-12 col-xl-6 pb-10\">        <span aria-hidden=\"true\" class=\"cms-icon text-20 pr-15 text-1d65b9 cmsi-check-circle\" style=\"\"><\/span>        <span class=\"f-text\">Gy\u00e1rt\u00f3\u00fczemek<\/span><\/div>\n<div class=\"col-md-6 col-lg-12 col-xl-6 pb-10\">        <span aria-hidden=\"true\" class=\"cms-icon text-20 pr-15 text-1d65b9 cmsi-check-circle\" style=\"\"><\/span>        <span class=\"f-text\">Financial Institutions<\/span><\/div>\n<div class=\"w-100\"><\/div><div class=\"col-md-6 col-lg-12 col-xl-6 pb-10\">        <span aria-hidden=\"true\" class=\"cms-icon text-20 pr-15 text-1d65b9 cmsi-check-circle\" style=\"\"><\/span>        <span class=\"f-text\">Educational Facilities<\/span><\/div>\n<div class=\"col-md-6 col-lg-12 col-xl-6 pb-10\">        <span aria-hidden=\"true\" class=\"cms-icon text-20 pr-15 text-1d65b9 cmsi-check-circle\" style=\"\"><\/span>        <span class=\"f-text\">Religious Building<\/span><\/div>\n<div class=\"w-100\"><\/div>                        <\/div><\/div>\r\n                    <\/div>        \r\n                <\/div>\r\n            <\/div>\r\n        <\/div>\r\n                <div class=\"cms-pricing-table-slide-item relative\">\r\n                        <div class=\"row gutters-0\">\r\n                <div class=\"col-lg-6\"><img decoding=\"async\" class=\"w-100 h-100 img-cover rtl-flip cms-img\" src=\"https:\/\/clorobomb.com\/wp-content\/uploads\/ptitle-3.jpg\" width=\"0\" height=\"0\" alt=\"ptitle-3\" title=\"ptitle-3\" \/><\/div>\r\n                <div class=\"col-lg-6 bg-white  align-self-center\">\r\n                    <div class=\"p-20 p-md-50 p-lg-100\">\r\n                                                <div class=\"cms-heading text-heading text-37 font-500 text-center\">Outdoor<\/div> \r\n                        <div class=\"cms-desc text-17 mt-20 text-center\">Maintaining the cleanliness and appearance of your strata property is of upmost importance. To do this, you need a reliable and professional outdoor strata cleaning company Outdoor Cleaning Specialists can help.<\/div>\r\n                        <div class=\"row gutters-30 gutters-md-50 gutters-grid align-items-center justify-content-center pt-35\">\r\n                                    <div class=\"cms-btn-wraps col-auto text- text-md- text-lg-\" >\r\n                <a href=\"https:\/\/clorobomb.com\/hu\/contacts\/\" class=\"btn btn-fill btn-accent btn-hover-secondary btn-xl\">\r\n                <span class=\"cms-btn-content cms-btn-content-\">\r\n                                            <span class=\"cms-btn-icon cms-align-icon-right  rtl-flip\">\r\n                            <i aria-hidden=\"true\" class=\"cmsi-arrow-right\"><\/i>                        <\/span>\r\n                                        <span class=\"cms-btn-text\">Purchase Now<\/span>\r\n                                    <\/span>\r\n            <\/a>\r\n                <\/div>\r\n                                                        <\/div>\r\n                        <div class=\"cms-feature-wrap mt-40 pt-35 font-700\"><div class=\"cms-feature row gutters-20\">\r\n                            <div class=\"col-md-6 col-lg-12 col-xl-6 pb-10\">        <span aria-hidden=\"true\" class=\"cms-icon text-20 pr-15 text-secondary cmsi-check-circle\" style=\"\"><\/span>        <span class=\"f-text\">High Pressure Cleaning<\/span><\/div>\n<div class=\"col-md-6 col-lg-12 col-xl-6 pb-10\">        <span aria-hidden=\"true\" class=\"cms-icon text-20 pr-15 text-secondary cmsi-check-circle\" style=\"\"><\/span>        <span class=\"f-text\">Floor Cleaning<\/span><\/div>\n<div class=\"w-100\"><\/div><div class=\"col-md-6 col-lg-12 col-xl-6 pb-10\">        <span aria-hidden=\"true\" class=\"cms-icon text-20 pr-15 text-secondary cmsi-check-circle\" style=\"\"><\/span>        <span class=\"f-text\">Building Exterior Clean<\/span><\/div>\n<div class=\"col-md-6 col-lg-12 col-xl-6 pb-10\">        <span aria-hidden=\"true\" class=\"cms-icon text-20 pr-15 text-secondary cmsi-check-circle\" style=\"\"><\/span>        <span class=\"f-text\">Car Park Cleaning<\/span><\/div>\n<div class=\"w-100\"><\/div><div class=\"col-md-6 col-lg-12 col-xl-6 pb-10\">        <span aria-hidden=\"true\" class=\"cms-icon text-20 pr-15 text-secondary cmsi-check-circle\" style=\"\"><\/span>        <span class=\"f-text\">Timber and Sandstone <\/span><\/div>\n<div class=\"col-md-6 col-lg-12 col-xl-6 pb-10\">        <span aria-hidden=\"true\" class=\"cms-icon text-20 pr-15 text-secondary cmsi-check-circle\" style=\"\"><\/span>        <span class=\"f-text\">Graffiti Removal<\/span><\/div>\n<div class=\"w-100\"><\/div>                        <\/div><\/div>\r\n                    <\/div>        \r\n                <\/div>\r\n            <\/div>\r\n        <\/div>\r\n            <\/div>\r\n<\/div>\t\t\t\t<\/div>\n\t\t\t\t<\/div>\n\t\t            <\/div>\n                <\/div>\n        <\/div>\n        \t\t            <\/div>\n\t\t        <\/div>\n        <\/section>\n\t\t        <section class=\"elementor-section elementor-top-section elementor-element elementor-element-5bfb5612 pb-40 pt-20  elementor-section-boxed elementor-section-height-default elementor-section-height-default cms-boxed-bg-false cms-section-boxed-divider-false\" data-id=\"5bfb5612\" data-element_type=\"section\" data-e-type=\"section\">\n\t\t\n\t\t<div class=\"cms-overlay-gradient\"><\/div><div class=\"cms-section-boxed-bg\"><\/div><div class=\"cms-section-boxed-divider\"><\/div>        <div class=\"elementor-container elementor-column-gap-default\" >\n\t\t            <div class=\"elementor-row\">\n\t\t        <div class=\"elementor-column elementor-col-100 elementor-top-column elementor-element elementor-element-5c9ac01b\" data-id=\"5c9ac01b\" data-element_type=\"column\" data-e-type=\"column\">\n        <div class=\"elementor-column-wrap elementor-element-populated\">\n                            <div class=\"elementor-widget-wrap\">\n                \t\t<div class=\"elementor-element elementor-element-17ec0032 cms-swiper-arrows-false cms-swiper-dots-false cms-swiper-dots-tablet-false cms-swiper-dots-align-center cms-swiper-dots-align-tablet-center cms-swiper-dots-mobile-true cms-clients-layout-1 cms-swiper-nav-in-vertical cms-swiper-nav-style-default cms-swiper-dots-out elementor-widget elementor-widget-cms_clients\" data-id=\"17ec0032\" data-element_type=\"widget\" data-e-type=\"widget\" data-widget_type=\"cms_clients.default\">\n\t\t\t\t<div class=\"elementor-widget-container\">\n\t\t\t\t\t<div class=\"row gutters-grid align-items-center\">\r\n    <div class=\"col-12 col-lg-4 cms-mainheading empty-none text-14 font-700 text-1e4873\">Clanora\u2019s trust ensures every service we offer will get your home cleaner and healthier, to your exact needs.<\/div>    <div class=\"col-12 col-lg-8\">\r\n        <div class=\"cms-client-slider cms-swiper-sliders\">\r\n            <div class=\"cms-swiper-slider-wrap\">\r\n                <div class=\"cms-swiper-container no-shadow\" dir=\"ltr\" data-settings=\"{&quot;slide_direction&quot;:&quot;horizontal&quot;,&quot;slide_percolumn&quot;:1,&quot;slide_percolumnfill&quot;:&quot;column&quot;,&quot;slide_mode&quot;:&quot;slide&quot;,&quot;slides_to_show&quot;:4,&quot;slides_to_show_tablet&quot;:4,&quot;slides_to_show_mobile&quot;:2,&quot;slides_to_scroll&quot;:1,&quot;slides_to_scroll_tablet&quot;:1,&quot;slides_to_scroll_mobile&quot;:2,&quot;slides_gutter&quot;:10,&quot;arrow&quot;:&quot;false&quot;,&quot;arrow_tablet&quot;:&quot;false&quot;,&quot;arrow_mobile&quot;:&quot;false&quot;,&quot;dots&quot;:&quot;false&quot;,&quot;dots_tablet&quot;:&quot;false&quot;,&quot;dots_mobile&quot;:&quot;true&quot;,&quot;dots_style&quot;:&quot;bullets&quot;,&quot;dots_style_custom&quot;:&quot;function (swiper, current, total) { return current + &#039; of &#039; + total;}&quot;,&quot;autoplay&quot;:&quot;true&quot;,&quot;pause_on_hover&quot;:&quot;true&quot;,&quot;pause_on_interaction&quot;:&quot;true&quot;,&quot;delay&quot;:2000,&quot;loop&quot;:&quot;true&quot;,&quot;speed&quot;:500}\" data-customdot=\"function (swiper, current, total) { return current + &#039; of &#039; + total;}\">\r\n                                        <div class=\"cms-swiper-wrapper swiper-wrapper align-items-center\">\r\n                                                    <div class=\"cms-client-item cms-swiper-slide swiper-slide\" style=\"padding-left: 5px; padding-right: 5px;\">\r\n                                <a href=\"#\" target=\"_blank\" class=\"d-block text-center\">\r\n                                    <img loading=\"lazy\" decoding=\"async\" class=\"default-thumb cms-img\" src=\"https:\/\/clorobomb.com\/hu\/wp-content\/themes\/clanora\/elementor\/templates\/widgets\/cms_clients\/clients\/1.png\" width=\"150\" height=\"49\" alt=\"CLOROBOMB\" \/>                                <\/a>\r\n                            <\/div>\r\n                                                    <div class=\"cms-client-item cms-swiper-slide swiper-slide\" style=\"padding-left: 5px; padding-right: 5px;\">\r\n                                <a href=\"#\" target=\"_blank\" class=\"d-block text-center\">\r\n                                    <img loading=\"lazy\" decoding=\"async\" class=\"default-thumb cms-img\" src=\"https:\/\/clorobomb.com\/hu\/wp-content\/themes\/clanora\/elementor\/templates\/widgets\/cms_clients\/clients\/2.png\" width=\"150\" height=\"56\" alt=\"CLOROBOMB\" \/>                                <\/a>\r\n                            <\/div>\r\n                                                    <div class=\"cms-client-item cms-swiper-slide swiper-slide\" style=\"padding-left: 5px; padding-right: 5px;\">\r\n                                <a href=\"#\" target=\"_blank\" class=\"d-block text-center\">\r\n                                    <img loading=\"lazy\" decoding=\"async\" class=\"default-thumb cms-img\" src=\"https:\/\/clorobomb.com\/hu\/wp-content\/themes\/clanora\/elementor\/templates\/widgets\/cms_clients\/clients\/3.png\" width=\"150\" height=\"49\" alt=\"CLOROBOMB\" \/>                                <\/a>\r\n                            <\/div>\r\n                                                    <div class=\"cms-client-item cms-swiper-slide swiper-slide\" style=\"padding-left: 5px; padding-right: 5px;\">\r\n                                <a href=\"#\" target=\"_blank\" class=\"d-block text-center\">\r\n                                    <img loading=\"lazy\" decoding=\"async\" class=\"default-thumb cms-img\" src=\"https:\/\/clorobomb.com\/hu\/wp-content\/themes\/clanora\/elementor\/templates\/widgets\/cms_clients\/clients\/4.png\" width=\"150\" height=\"55\" alt=\"CLOROBOMB\" \/>                                <\/a>\r\n                            <\/div>\r\n                                            <\/div>\r\n                                <div class=\"cms-swiper-dots empty-none\"><\/div>\r\n                    <div class=\"cms-swiper-arrow cmsi-icon rtl-flip cms-swiper-arrow-prev\"><\/div>\r\n            <div class=\"cms-swiper-arrow cmsi-icon rtl-flip cms-swiper-arrow-next\"><\/div>\r\n                        <\/div>\r\n            <\/div>\r\n        <\/div>\r\n    <\/div>\r\n<\/div>\t\t\t\t<\/div>\n\t\t\t\t<\/div>\n\t\t            <\/div>\n                <\/div>\n        <\/div>\n        \t\t            <\/div>\n\t\t        <\/div>\n        <\/section>\n\t\t\t\t<\/div>","protected":false},"excerpt":{"rendered":"<p>Customized Cleaning Plans Quality Leader Among Cleaning Companies In The Industry! Residential We provide residential house cleaning services and always focus on cleaning for health, our extensive industry experience give us a leg up when it comes to leaving your house cleaner, and healthier, than ever before. Purchase Now Window sills &#038; ledges Appliance exteriors [&hellip;]<\/p>\n","protected":false},"author":1,"featured_media":0,"parent":0,"menu_order":17,"comment_status":"closed","ping_status":"closed","template":"","meta":{"footnotes":""},"class_list":["post-182","page","type-page","status-publish","hentry","cms-no-post-thumbnail"],"_links":{"self":[{"href":"https:\/\/clorobomb.com\/hu\/wp-json\/wp\/v2\/pages\/182","targetHints":{"allow":["GET"]}}],"collection":[{"href":"https:\/\/clorobomb.com\/hu\/wp-json\/wp\/v2\/pages"}],"about":[{"href":"https:\/\/clorobomb.com\/hu\/wp-json\/wp\/v2\/types\/page"}],"author":[{"embeddable":true,"href":"https:\/\/clorobomb.com\/hu\/wp-json\/wp\/v2\/users\/1"}],"replies":[{"embeddable":true,"href":"https:\/\/clorobomb.com\/hu\/wp-json\/wp\/v2\/comments?post=182"}],"version-history":[{"count":0,"href":"https:\/\/clorobomb.com\/hu\/wp-json\/wp\/v2\/pages\/182\/revisions"}],"wp:attachment":[{"href":"https:\/\/clorobomb.com\/hu\/wp-json\/wp\/v2\/media?parent=182"}],"curies":[{"name":"wp","href":"https:\/\/api.w.org\/{rel}","templated":true}]}}